{"id":17,"date":"2016-07-08T15:00:25","date_gmt":"2016-07-08T15:00:25","guid":{"rendered":"http:\/\/salmon.forqy.website\/?page_id=17"},"modified":"2024-07-28T04:28:47","modified_gmt":"2024-07-28T01:28:47","slug":"homepage","status":"publish","type":"page","link":"https:\/\/le-colombier-steakhouse.fr\/tr\/","title":{"rendered":"Ana Sayfa"},"content":{"rendered":"\n<header class=\"fy-content-heading\"><h3 class=\"wp-block-heading has-text-align-center\" style='font-size:1.7303rem !important;'>M\u00fc\u015fteri Yorumlar\u0131<\/h1><\/header>\n\n\n\n<div id='wpsr-reviews-grid-1756' class='wpsr-reviews-1756  wpsr-reviews-wrapper wpsr-feed-wrap wpsr_content     wpsr-reviews-template-grid5 wpsr-reviews-layout-grid ' data-column='3' ><div class=\"wpsr-container \" style=\"\" ><div class=\"wpsr-all-reviews wpsr_feeds wpsr-row \" data-column=\"3\"><div class=\"wpsr-col-3 wpsr-col-sm-4 wpsr-col-xs-12\" role=\"group\">\n            <div class=\"wpsr-review-template wpsr-review-template-five wpsr-review-template-google\"\n                 style=\"\"\n                 data-index=\"0\"\n                 data-review_platform=\"google\"\n                 data-product_thumbnail=\"\"\n                 data-product_name=\"\"\n            >\n                <div class=\"wpsr-reviewer-image\">\n    <a class=\"wpsr-reviewer-image-url\" target=\"_blank\" rel=\"noopener noreferrer nofollow\" href=\"https:\/\/search.google.com\/local\/reviews?placeid=ChIJ_dXT138X5kcRf8LCNNckoOA\">\n                                    <img decoding=\"async\" class=\"wpsr-reviewer-avatar\" src=\"https:\/\/lh3.googleusercontent.com\/a-\/ALV-UjWM3UnNeNZcs8M5Zb16I3LCSfVMscplW3XttsID0lLDoBwS1do=s120-c-rp-mo-br100\" alt=\"xiaoyi han\"\/>\n                        <\/a>\n<\/div>                <div class=\"wpsr-review-header\">\n                    <div class=\"wpsr-review-platform\">\n        <img loading=\"lazy\" decoding=\"async\" class=\"wpsr-review-platform-icon\" width=\"20\" height=\"20\" src=\"https:\/\/le-colombier-steakhouse.fr\/tr\/wp-content\/plugins\/wp-social-reviews\/assets\/images\/icon\/icon-google-small.png\" alt=\"google\">\n<\/div>                <\/div>\n                <div class=\"wpsr-review-info\">\n                                    <\/div>\n                <div class=\"wpsr-review-content\" tabindex=\"0\">\n            <p class=\"wpsr_add_read_more wpsr_show_less_content\" data-num-words-trim=\"10\">\nTr\u00e8s bon restaurant pour carnivore. Service rapide et impeccable avec une d\u00e9coration int\u00e9rieur digne d'un noble. Des plats d\u00e9licieux et copieux! Une attention particuli\u00e8re du personnel envers moi-m\u00eame pour mes 26 ans. (J'ai eu droit \u00e0 une bougie &#x1f601;!) Voir les photos.<\/p>\n    <\/div><div data-rating=\"5\" class=\"wpsr-rating-wrapper\">\n            <div class=\"wpsr-rating\">\n            <span class=\"wpsr-star\"><svg xmlns=\"http:\/\/www.w3.org\/2000\/svg\" version=\"1.1\" viewBox=\"0 0 1792 1792\"><path\n                                d=\"M1728 647q0 22-26 48l-363 354 86 500q1 7 1 20 0 21-10.5 35.5t-30.5 14.5q-19 0-40-12l-449-236-449 236q-22 12-40 12-21 0-31.5-14.5t-10.5-35.5q0-6 2-20l86-500-364-354q-25-27-25-48 0-37 56-46l502-73 225-455q19-41 49-41t49 41l225 455 502 73q56 9 56 46z\"><\/path><\/svg><\/span><span class=\"wpsr-star\"><svg xmlns=\"http:\/\/www.w3.org\/2000\/svg\" version=\"1.1\" viewBox=\"0 0 1792 1792\"><path\n                                d=\"M1728 647q0 22-26 48l-363 354 86 500q1 7 1 20 0 21-10.5 35.5t-30.5 14.5q-19 0-40-12l-449-236-449 236q-22 12-40 12-21 0-31.5-14.5t-10.5-35.5q0-6 2-20l86-500-364-354q-25-27-25-48 0-37 56-46l502-73 225-455q19-41 49-41t49 41l225 455 502 73q56 9 56 46z\"><\/path><\/svg><\/span><span class=\"wpsr-star\"><svg xmlns=\"http:\/\/www.w3.org\/2000\/svg\" version=\"1.1\" viewBox=\"0 0 1792 1792\"><path\n                                d=\"M1728 647q0 22-26 48l-363 354 86 500q1 7 1 20 0 21-10.5 35.5t-30.5 14.5q-19 0-40-12l-449-236-449 236q-22 12-40 12-21 0-31.5-14.5t-10.5-35.5q0-6 2-20l86-500-364-354q-25-27-25-48 0-37 56-46l502-73 225-455q19-41 49-41t49 41l225 455 502 73q56 9 56 46z\"><\/path><\/svg><\/span><span class=\"wpsr-star\"><svg xmlns=\"http:\/\/www.w3.org\/2000\/svg\" version=\"1.1\" viewBox=\"0 0 1792 1792\"><path\n                                d=\"M1728 647q0 22-26 48l-363 354 86 500q1 7 1 20 0 21-10.5 35.5t-30.5 14.5q-19 0-40-12l-449-236-449 236q-22 12-40 12-21 0-31.5-14.5t-10.5-35.5q0-6 2-20l86-500-364-354q-25-27-25-48 0-37 56-46l502-73 225-455q19-41 49-41t49 41l225 455 502 73q56 9 56 46z\"><\/path><\/svg><\/span><span class=\"wpsr-star\"><svg xmlns=\"http:\/\/www.w3.org\/2000\/svg\" version=\"1.1\" viewBox=\"0 0 1792 1792\"><path\n                                d=\"M1728 647q0 22-26 48l-363 354 86 500q1 7 1 20 0 21-10.5 35.5t-30.5 14.5q-19 0-40-12l-449-236-449 236q-22 12-40 12-21 0-31.5-14.5t-10.5-35.5q0-6 2-20l86-500-364-354q-25-27-25-48 0-37 56-46l502-73 225-455q19-41 49-41t49 41l225 455 502 73q56 9 56 46z\"><\/path><\/svg><\/span>        <\/div>\n    \n    \n    \n    \n    <\/div><span data-time=\"2 y\u0131l \u00f6nce\" class=\"wpsr-review-date\">\n     12\/07\/2024<\/span>            <\/div>\n        <\/div><div class=\"wpsr-col-3 wpsr-col-sm-4 wpsr-col-xs-12\" role=\"group\">\n            <div class=\"wpsr-review-template wpsr-review-template-five wpsr-review-template-google\"\n                 style=\"\"\n                 data-index=\"1\"\n                 data-review_platform=\"google\"\n                 data-product_thumbnail=\"\"\n                 data-product_name=\"\"\n            >\n                <div class=\"wpsr-reviewer-image\">\n    <a class=\"wpsr-reviewer-image-url\" target=\"_blank\" rel=\"noopener noreferrer nofollow\" href=\"https:\/\/search.google.com\/local\/reviews?placeid=ChIJ_dXT138X5kcRf8LCNNckoOA\">\n                                    <img decoding=\"async\" class=\"wpsr-reviewer-avatar\" src=\"https:\/\/lh3.googleusercontent.com\/a-\/ALV-UjXiL-BDhDfiDYknOQ-MoP80gL80GyiJAbGIfjjX31MzqYZ0mDdM=s120-c-rp-mo-ba2-br100\" alt=\"Chakir Barah\"\/>\n                        <\/a>\n<\/div>                <div class=\"wpsr-review-header\">\n                    <div class=\"wpsr-review-platform\">\n        <img loading=\"lazy\" decoding=\"async\" class=\"wpsr-review-platform-icon\" width=\"20\" height=\"20\" src=\"https:\/\/le-colombier-steakhouse.fr\/tr\/wp-content\/plugins\/wp-social-reviews\/assets\/images\/icon\/icon-google-small.png\" alt=\"google\">\n<\/div>                <\/div>\n                <div class=\"wpsr-review-info\">\n                                    <\/div>\n                <div class=\"wpsr-review-content\" tabindex=\"0\">\n            <p class=\"wpsr_add_read_more wpsr_show_less_content\" data-num-words-trim=\"10\">\nCuisine raffin\u00e9e, pain maison excellent. Tout est tr\u00e8s bon. Cadre magnifique<\/p>\n    <\/div><div data-rating=\"5\" class=\"wpsr-rating-wrapper\">\n            <div class=\"wpsr-rating\">\n            <span class=\"wpsr-star\"><svg xmlns=\"http:\/\/www.w3.org\/2000\/svg\" version=\"1.1\" viewBox=\"0 0 1792 1792\"><path\n                                d=\"M1728 647q0 22-26 48l-363 354 86 500q1 7 1 20 0 21-10.5 35.5t-30.5 14.5q-19 0-40-12l-449-236-449 236q-22 12-40 12-21 0-31.5-14.5t-10.5-35.5q0-6 2-20l86-500-364-354q-25-27-25-48 0-37 56-46l502-73 225-455q19-41 49-41t49 41l225 455 502 73q56 9 56 46z\"><\/path><\/svg><\/span><span class=\"wpsr-star\"><svg xmlns=\"http:\/\/www.w3.org\/2000\/svg\" version=\"1.1\" viewBox=\"0 0 1792 1792\"><path\n                                d=\"M1728 647q0 22-26 48l-363 354 86 500q1 7 1 20 0 21-10.5 35.5t-30.5 14.5q-19 0-40-12l-449-236-449 236q-22 12-40 12-21 0-31.5-14.5t-10.5-35.5q0-6 2-20l86-500-364-354q-25-27-25-48 0-37 56-46l502-73 225-455q19-41 49-41t49 41l225 455 502 73q56 9 56 46z\"><\/path><\/svg><\/span><span class=\"wpsr-star\"><svg xmlns=\"http:\/\/www.w3.org\/2000\/svg\" version=\"1.1\" viewBox=\"0 0 1792 1792\"><path\n                                d=\"M1728 647q0 22-26 48l-363 354 86 500q1 7 1 20 0 21-10.5 35.5t-30.5 14.5q-19 0-40-12l-449-236-449 236q-22 12-40 12-21 0-31.5-14.5t-10.5-35.5q0-6 2-20l86-500-364-354q-25-27-25-48 0-37 56-46l502-73 225-455q19-41 49-41t49 41l225 455 502 73q56 9 56 46z\"><\/path><\/svg><\/span><span class=\"wpsr-star\"><svg xmlns=\"http:\/\/www.w3.org\/2000\/svg\" version=\"1.1\" viewBox=\"0 0 1792 1792\"><path\n                                d=\"M1728 647q0 22-26 48l-363 354 86 500q1 7 1 20 0 21-10.5 35.5t-30.5 14.5q-19 0-40-12l-449-236-449 236q-22 12-40 12-21 0-31.5-14.5t-10.5-35.5q0-6 2-20l86-500-364-354q-25-27-25-48 0-37 56-46l502-73 225-455q19-41 49-41t49 41l225 455 502 73q56 9 56 46z\"><\/path><\/svg><\/span><span class=\"wpsr-star\"><svg xmlns=\"http:\/\/www.w3.org\/2000\/svg\" version=\"1.1\" viewBox=\"0 0 1792 1792\"><path\n                                d=\"M1728 647q0 22-26 48l-363 354 86 500q1 7 1 20 0 21-10.5 35.5t-30.5 14.5q-19 0-40-12l-449-236-449 236q-22 12-40 12-21 0-31.5-14.5t-10.5-35.5q0-6 2-20l86-500-364-354q-25-27-25-48 0-37 56-46l502-73 225-455q19-41 49-41t49 41l225 455 502 73q56 9 56 46z\"><\/path><\/svg><\/span>        <\/div>\n    \n    \n    \n    \n    <\/div><span data-time=\"2 y\u0131l \u00f6nce\" class=\"wpsr-review-date\">\n     10\/07\/2024<\/span>            <\/div>\n        <\/div><div class=\"wpsr-col-3 wpsr-col-sm-4 wpsr-col-xs-12\" role=\"group\">\n            <div class=\"wpsr-review-template wpsr-review-template-five wpsr-review-template-google\"\n                 style=\"\"\n                 data-index=\"2\"\n                 data-review_platform=\"google\"\n                 data-product_thumbnail=\"\"\n                 data-product_name=\"\"\n            >\n                <div class=\"wpsr-reviewer-image\">\n    <a class=\"wpsr-reviewer-image-url\" target=\"_blank\" rel=\"noopener noreferrer nofollow\" href=\"https:\/\/search.google.com\/local\/reviews?placeid=ChIJ_dXT138X5kcRf8LCNNckoOA\">\n                                    <img decoding=\"async\" class=\"wpsr-reviewer-avatar\" src=\"https:\/\/lh3.googleusercontent.com\/a\/ACg8ocIrjq6Nc4Y5HRv-EH52j72sqcFcGIOIOEA1VqDfNKW-rIeFDA=s120-c-rp-mo-ba2-br100\" alt=\"Jad Farran\"\/>\n                        <\/a>\n<\/div>                <div class=\"wpsr-review-header\">\n                    <div class=\"wpsr-review-platform\">\n        <img loading=\"lazy\" decoding=\"async\" class=\"wpsr-review-platform-icon\" width=\"20\" height=\"20\" src=\"https:\/\/le-colombier-steakhouse.fr\/tr\/wp-content\/plugins\/wp-social-reviews\/assets\/images\/icon\/icon-google-small.png\" alt=\"google\">\n<\/div>                <\/div>\n                <div class=\"wpsr-review-info\">\n                                    <\/div>\n                <div data-rating=\"5\" class=\"wpsr-rating-wrapper\">\n            <div class=\"wpsr-rating\">\n            <span class=\"wpsr-star\"><svg xmlns=\"http:\/\/www.w3.org\/2000\/svg\" version=\"1.1\" viewBox=\"0 0 1792 1792\"><path\n                                d=\"M1728 647q0 22-26 48l-363 354 86 500q1 7 1 20 0 21-10.5 35.5t-30.5 14.5q-19 0-40-12l-449-236-449 236q-22 12-40 12-21 0-31.5-14.5t-10.5-35.5q0-6 2-20l86-500-364-354q-25-27-25-48 0-37 56-46l502-73 225-455q19-41 49-41t49 41l225 455 502 73q56 9 56 46z\"><\/path><\/svg><\/span><span class=\"wpsr-star\"><svg xmlns=\"http:\/\/www.w3.org\/2000\/svg\" version=\"1.1\" viewBox=\"0 0 1792 1792\"><path\n                                d=\"M1728 647q0 22-26 48l-363 354 86 500q1 7 1 20 0 21-10.5 35.5t-30.5 14.5q-19 0-40-12l-449-236-449 236q-22 12-40 12-21 0-31.5-14.5t-10.5-35.5q0-6 2-20l86-500-364-354q-25-27-25-48 0-37 56-46l502-73 225-455q19-41 49-41t49 41l225 455 502 73q56 9 56 46z\"><\/path><\/svg><\/span><span class=\"wpsr-star\"><svg xmlns=\"http:\/\/www.w3.org\/2000\/svg\" version=\"1.1\" viewBox=\"0 0 1792 1792\"><path\n                                d=\"M1728 647q0 22-26 48l-363 354 86 500q1 7 1 20 0 21-10.5 35.5t-30.5 14.5q-19 0-40-12l-449-236-449 236q-22 12-40 12-21 0-31.5-14.5t-10.5-35.5q0-6 2-20l86-500-364-354q-25-27-25-48 0-37 56-46l502-73 225-455q19-41 49-41t49 41l225 455 502 73q56 9 56 46z\"><\/path><\/svg><\/span><span class=\"wpsr-star\"><svg xmlns=\"http:\/\/www.w3.org\/2000\/svg\" version=\"1.1\" viewBox=\"0 0 1792 1792\"><path\n                                d=\"M1728 647q0 22-26 48l-363 354 86 500q1 7 1 20 0 21-10.5 35.5t-30.5 14.5q-19 0-40-12l-449-236-449 236q-22 12-40 12-21 0-31.5-14.5t-10.5-35.5q0-6 2-20l86-500-364-354q-25-27-25-48 0-37 56-46l502-73 225-455q19-41 49-41t49 41l225 455 502 73q56 9 56 46z\"><\/path><\/svg><\/span><span class=\"wpsr-star\"><svg xmlns=\"http:\/\/www.w3.org\/2000\/svg\" version=\"1.1\" viewBox=\"0 0 1792 1792\"><path\n                                d=\"M1728 647q0 22-26 48l-363 354 86 500q1 7 1 20 0 21-10.5 35.5t-30.5 14.5q-19 0-40-12l-449-236-449 236q-22 12-40 12-21 0-31.5-14.5t-10.5-35.5q0-6 2-20l86-500-364-354q-25-27-25-48 0-37 56-46l502-73 225-455q19-41 49-41t49 41l225 455 502 73q56 9 56 46z\"><\/path><\/svg><\/span>        <\/div>\n    \n    \n    \n    \n    <\/div><span data-time=\"2 y\u0131l \u00f6nce\" class=\"wpsr-review-date\">\n     05\/07\/2024<\/span>            <\/div>\n        <\/div><div class=\"wpsr-col-3 wpsr-col-sm-4 wpsr-col-xs-12\" role=\"group\">\n            <div class=\"wpsr-review-template wpsr-review-template-five wpsr-review-template-google\"\n                 style=\"\"\n                 data-index=\"3\"\n                 data-review_platform=\"google\"\n                 data-product_thumbnail=\"\"\n                 data-product_name=\"\"\n            >\n                <div class=\"wpsr-reviewer-image\">\n    <a class=\"wpsr-reviewer-image-url\" target=\"_blank\" rel=\"noopener noreferrer nofollow\" href=\"https:\/\/search.google.com\/local\/reviews?placeid=ChIJ_dXT138X5kcRf8LCNNckoOA\">\n                                    <img decoding=\"async\" class=\"wpsr-reviewer-avatar\" src=\"https:\/\/lh3.googleusercontent.com\/a-\/ALV-UjWISWU7Rx1cROQQre_PgVWNqXHUUmIFfL2TysBLOBREVBsiadjZOg=s120-c-rp-mo-ba3-br100\" alt=\"David Costa\"\/>\n                        <\/a>\n<\/div>                <div class=\"wpsr-review-header\">\n                    <div class=\"wpsr-review-platform\">\n        <img loading=\"lazy\" decoding=\"async\" class=\"wpsr-review-platform-icon\" width=\"20\" height=\"20\" src=\"https:\/\/le-colombier-steakhouse.fr\/tr\/wp-content\/plugins\/wp-social-reviews\/assets\/images\/icon\/icon-google-small.png\" alt=\"google\">\n<\/div>                <\/div>\n                <div class=\"wpsr-review-info\">\n                                    <\/div>\n                <div data-rating=\"5\" class=\"wpsr-rating-wrapper\">\n            <div class=\"wpsr-rating\">\n            <span class=\"wpsr-star\"><svg xmlns=\"http:\/\/www.w3.org\/2000\/svg\" version=\"1.1\" viewBox=\"0 0 1792 1792\"><path\n                                d=\"M1728 647q0 22-26 48l-363 354 86 500q1 7 1 20 0 21-10.5 35.5t-30.5 14.5q-19 0-40-12l-449-236-449 236q-22 12-40 12-21 0-31.5-14.5t-10.5-35.5q0-6 2-20l86-500-364-354q-25-27-25-48 0-37 56-46l502-73 225-455q19-41 49-41t49 41l225 455 502 73q56 9 56 46z\"><\/path><\/svg><\/span><span class=\"wpsr-star\"><svg xmlns=\"http:\/\/www.w3.org\/2000\/svg\" version=\"1.1\" viewBox=\"0 0 1792 1792\"><path\n                                d=\"M1728 647q0 22-26 48l-363 354 86 500q1 7 1 20 0 21-10.5 35.5t-30.5 14.5q-19 0-40-12l-449-236-449 236q-22 12-40 12-21 0-31.5-14.5t-10.5-35.5q0-6 2-20l86-500-364-354q-25-27-25-48 0-37 56-46l502-73 225-455q19-41 49-41t49 41l225 455 502 73q56 9 56 46z\"><\/path><\/svg><\/span><span class=\"wpsr-star\"><svg xmlns=\"http:\/\/www.w3.org\/2000\/svg\" version=\"1.1\" viewBox=\"0 0 1792 1792\"><path\n                                d=\"M1728 647q0 22-26 48l-363 354 86 500q1 7 1 20 0 21-10.5 35.5t-30.5 14.5q-19 0-40-12l-449-236-449 236q-22 12-40 12-21 0-31.5-14.5t-10.5-35.5q0-6 2-20l86-500-364-354q-25-27-25-48 0-37 56-46l502-73 225-455q19-41 49-41t49 41l225 455 502 73q56 9 56 46z\"><\/path><\/svg><\/span><span class=\"wpsr-star\"><svg xmlns=\"http:\/\/www.w3.org\/2000\/svg\" version=\"1.1\" viewBox=\"0 0 1792 1792\"><path\n                                d=\"M1728 647q0 22-26 48l-363 354 86 500q1 7 1 20 0 21-10.5 35.5t-30.5 14.5q-19 0-40-12l-449-236-449 236q-22 12-40 12-21 0-31.5-14.5t-10.5-35.5q0-6 2-20l86-500-364-354q-25-27-25-48 0-37 56-46l502-73 225-455q19-41 49-41t49 41l225 455 502 73q56 9 56 46z\"><\/path><\/svg><\/span><span class=\"wpsr-star\"><svg xmlns=\"http:\/\/www.w3.org\/2000\/svg\" version=\"1.1\" viewBox=\"0 0 1792 1792\"><path\n                                d=\"M1728 647q0 22-26 48l-363 354 86 500q1 7 1 20 0 21-10.5 35.5t-30.5 14.5q-19 0-40-12l-449-236-449 236q-22 12-40 12-21 0-31.5-14.5t-10.5-35.5q0-6 2-20l86-500-364-354q-25-27-25-48 0-37 56-46l502-73 225-455q19-41 49-41t49 41l225 455 502 73q56 9 56 46z\"><\/path><\/svg><\/span>        <\/div>\n    \n    \n    \n    \n    <\/div><span data-time=\"2 y\u0131l \u00f6nce\" class=\"wpsr-review-date\">\n     04\/07\/2024<\/span>            <\/div>\n        <\/div><\/div><button aria-label=\"Daha Fazlas\u0131\" class=\"wpsr-reviews-loadmore wpsr_more\" id=\"wpsr-reviews-load-more-btn1756\" data-paginate=\"4\" data-template_id=\"1756\" data-page=\"1\" data-platform=\"reviews\" data-template_type=\"grid\" data-total=\"20\"><span>Daha Fazlas\u0131<\/span><\/button><\/div><\/div>\n\n\n\n&nbsp;\n\n\n\n<header class=\"fy-content-heading\"><h3 class=\"wp-block-heading has-text-align-center\" style='font-size:1.7303rem !important;'>\u00c7al\u0131\u015fma Saatlerimiz<\/h1><\/header>\n\n\n\n<div class=\"wp-block-media-text has-media-on-the-right is-stacked-on-mobile\" style=\"grid-template-columns:auto 55%\"><div class=\"wp-block-media-text__content\">\n<div class=\"wp-block-group\"><div class=\"wp-block-group__inner-container is-layout-constrained wp-block-group-is-layout-constrained\">\n<p><em><strong>Pazartesi<\/strong> <\/em>: Kapal\u0131<\/p>\n\n\n\n<p><em><strong>Sal\u0131<\/strong> <\/em>: 12:00\u201314:30, 19:00\u201322:30<\/p>\n\n\n\n<p><strong><em>\u00c7ar\u015famba <\/em>: <\/strong>12:00\u201314:30, 19:00\u201322:30<\/p>\n\n\n\n<p><em><strong>Per\u015fembe<\/strong> <\/em>: 12:00\u201314:30, 19:00\u201322:30<\/p>\n\n\n\n<p><em><strong>Cuma<\/strong> <\/em>: 12:00\u201314:30, 19:00\u201322:30<\/p>\n\n\n\n<p><em><strong>Cumartesi<\/strong> <\/em>: 12:00\u201314:30, 19:00\u201322:30<\/p>\n\n\n\n<p><em><strong>Pazar<\/strong> <\/em>:<strong> <\/strong>12:00\u201314:30, 19:00\u201322:30<\/p>\n<\/div><\/div>\n<\/div><figure class=\"wp-block-media-text__media\"><img loading=\"lazy\" decoding=\"async\" width=\"1024\" height=\"585\" src=\"https:\/\/lecolombier.rdsholding.com\/tr\/wp-content\/uploads\/sites\/5\/2024\/07\/le-colomiber-opening-hours-1024x585.webp\" alt=\"\" class=\"wp-image-1797 size-full\" srcset=\"https:\/\/le-colombier-steakhouse.fr\/tr\/wp-content\/uploads\/sites\/5\/2024\/07\/le-colomiber-opening-hours-1024x585.webp 1024w, https:\/\/le-colombier-steakhouse.fr\/tr\/wp-content\/uploads\/sites\/5\/2024\/07\/le-colomiber-opening-hours-300x171.webp 300w, https:\/\/le-colombier-steakhouse.fr\/tr\/wp-content\/uploads\/sites\/5\/2024\/07\/le-colomiber-opening-hours-768x439.webp 768w, https:\/\/le-colombier-steakhouse.fr\/tr\/wp-content\/uploads\/sites\/5\/2024\/07\/le-colomiber-opening-hours-1536x878.webp 1536w, https:\/\/le-colombier-steakhouse.fr\/tr\/wp-content\/uploads\/sites\/5\/2024\/07\/le-colomiber-opening-hours.webp 1792w\" sizes=\"(max-width: 1024px) 100vw, 1024px\" \/><\/figure><\/div>\n","protected":false},"excerpt":{"rendered":"<p>M\u00fc\u015fteri Yorumlar\u0131 &nbsp; \u00c7al\u0131\u015fma Saatlerimiz<\/p>\n","protected":false},"author":1,"featured_media":0,"parent":0,"menu_order":10,"comment_status":"closed","ping_status":"closed","template":"template-homepage.php","meta":{"_siteseo_robots_primary_cat":"","footnotes":""},"class_list":["post-17","page","type-page","status-publish","hentry"],"_links":{"self":[{"href":"https:\/\/le-colombier-steakhouse.fr\/tr\/wp-json\/wp\/v2\/pages\/17"}],"collection":[{"href":"https:\/\/le-colombier-steakhouse.fr\/tr\/wp-json\/wp\/v2\/pages"}],"about":[{"href":"https:\/\/le-colombier-steakhouse.fr\/tr\/wp-json\/wp\/v2\/types\/page"}],"author":[{"embeddable":true,"href":"https:\/\/le-colombier-steakhouse.fr\/tr\/wp-json\/wp\/v2\/users\/1"}],"replies":[{"embeddable":true,"href":"https:\/\/le-colombier-steakhouse.fr\/tr\/wp-json\/wp\/v2\/comments?post=17"}],"version-history":[{"count":25,"href":"https:\/\/le-colombier-steakhouse.fr\/tr\/wp-json\/wp\/v2\/pages\/17\/revisions"}],"predecessor-version":[{"id":2429,"href":"https:\/\/le-colombier-steakhouse.fr\/tr\/wp-json\/wp\/v2\/pages\/17\/revisions\/2429"}],"wp:attachment":[{"href":"https:\/\/le-colombier-steakhouse.fr\/tr\/wp-json\/wp\/v2\/media?parent=17"}],"curies":[{"name":"wp","href":"https:\/\/api.w.org\/{rel}","templated":true}]}}